{"id":2500,"date":"2023-04-11T13:05:30","date_gmt":"2023-04-11T11:05:30","guid":{"rendered":"https:\/\/www.juanverdun.com\/declaracion-de-accesibilidad\/"},"modified":"2023-05-10T13:19:17","modified_gmt":"2023-05-10T11:19:17","slug":"erklaerung-zur-zugaenglichkeit","status":"publish","type":"page","link":"https:\/\/www.juanverdunmarbella.com\/de\/erklaerung-zur-zugaenglichkeit\/","title":{"rendered":"Erkl\u00e4rung zur Zug\u00e4nglichkeit"},"content":{"rendered":"\t\t<div data-elementor-type=\"wp-page\" data-elementor-id=\"2500\" class=\"elementor elementor-2500 elementor-2489\">\n\t\t\t\t\t\t<section class=\"elementor-section elementor-top-section elementor-element elementor-element-618bf3c elementor-section-boxed elementor-section-height-default elementor-section-height-default\" data-id=\"618bf3c\" data-element_type=\"section\" data-e-type=\"section\" data-settings=\"{&quot;background_background&quot;:&quot;classic&quot;}\">\n\t\t\t\t\t\t\t<div class=\"elementor-background-overlay\"><\/div>\n\t\t\t\t\t\t\t<div class=\"elementor-container elementor-column-gap-no\">\n\t\t\t\t\t<div class=\"elementor-column elementor-col-100 elementor-top-column elementor-element elementor-element-9099d18\" data-id=\"9099d18\" data-element_type=\"column\" data-e-type=\"column\">\n\t\t\t<div class=\"elementor-widget-wrap elementor-element-populated\">\n\t\t\t\t\t\t<div class=\"elementor-element elementor-element-45c3dd3 elementor-widget elementor-widget-heading\" data-id=\"45c3dd3\" data-element_type=\"widget\" data-e-type=\"widget\" data-widget_type=\"heading.default\">\n\t\t\t\t<div class=\"elementor-widget-container\">\n\t\t\t\t\t<h1 class=\"elementor-heading-title elementor-size-default\">Erkl\u00e4rung zur Zug\u00e4nglichkeit<\/h1>\t\t\t\t<\/div>\n\t\t\t\t<\/div>\n\t\t\t\t\t<\/div>\n\t\t<\/div>\n\t\t\t\t\t<\/div>\n\t\t<\/section>\n\t\t\t\t<section class=\"elementor-section elementor-top-section elementor-element elementor-element-5abbe105 elementor-section-boxed elementor-section-height-default elementor-section-height-default\" data-id=\"5abbe105\" data-element_type=\"section\" data-e-type=\"section\">\n\t\t\t\t\t\t<div class=\"elementor-container elementor-column-gap-default\">\n\t\t\t\t\t<div class=\"elementor-column elementor-col-100 elementor-top-column elementor-element elementor-element-6d4001\" data-id=\"6d4001\" data-element_type=\"column\" data-e-type=\"column\">\n\t\t\t<div class=\"elementor-widget-wrap elementor-element-populated\">\n\t\t\t\t\t\t<div class=\"elementor-element elementor-element-5befc1dd elementor-widget elementor-widget-text-editor\" data-id=\"5befc1dd\" data-element_type=\"widget\" data-e-type=\"widget\" data-widget_type=\"text-editor.default\">\n\t\t\t\t<div class=\"elementor-widget-container\">\n\t\t\t\t\t\t\t\t\t<header class=\"entry-header ast-no-thumbnail\"><header class=\"entry-header ast-no-thumbnail\"><header class=\"entry-header ast-no-thumbnail\"><div class=\"group w-full text-gray-800 dark:text-gray-100 border-b border-black\/10 dark:border-gray-900\/50 bg-gray-50 dark:bg-[#444654]\"><div class=\"text-base gap-4 md:gap-6 md:max-w-2xl lg:max-w-xl xl:max-w-3xl p-4 md:py-6 flex lg:px-0 m-auto\"><div class=\"relative flex w-[calc(100%-50px)] flex-col gap-1 md:gap-3 lg:w-[calc(100%-115px)]\"><div class=\"flex flex-grow flex-col gap-3\"><div class=\"min-h-[20px] flex flex-col items-start gap-4 whitespace-pre-wrap\"><div class=\"markdown prose w-full break-words dark:prose-invert dark\"><h2>Erkl\u00e4rung zur Barrierefreiheit<\/h2><p>JUAN VERD\u00daN S.L. hat sich verpflichtet, seine Websites gem\u00e4\u00df dem K\u00f6niglichen <strong><span style=\"color: #666699;\"><a style=\"color: #666699;\" href=\"https:\/\/www.boe.es\/buscar\/act.php?id=BOE-A-2018-12699\">Dekret 1112\/2018 vom 7. September \u00fcber die Barrierefreiheit von Websites und mobilen Anwendungen des \u00f6ffentlichen Sektors zug\u00e4nglich zu machen.<\/a><\/span><\/strong><\/p><h3>ERF\u00dcLLUNGSLAGE<\/h3><p>Diese Website ist teilweise konform mit <strong><span style=\"color: #666699;\"><a style=\"color: #666699;\" href=\"https:\/\/www.boe.es\/diario_boe\/txt.php?id=BOE-A-2018-12699\">RD 1112\/2018<\/a><\/span><\/strong> aufgrund von Ausnahmen und Nicht\u00fcbereinstimmungen in den unten angegebenen Aspekten.<\/p><h3>NICHT BARREIEREFREIER INHALT<\/h3><p>Der folgende Inhalt ist nicht zug\u00e4nglich aufgrund von:<\/p><p>Nicht\u00fcbereinstimmung mit RD 1112\/2018: In einigen F\u00e4llen kann es vorkommen, dass Textinhalt ohne ausreichenden Kontrast dargestellt wird.<\/p><h3>Unverh\u00e4ltnism\u00e4\u00dfige Belastung: Nicht anwendbar.<\/h3><p>Inhalt f\u00e4llt nicht unter den Anwendungsbereich des anwendbaren Gesetzes: Nicht anwendbar.<\/p><h3>VORBEREITUNG DIESER BARREIEREFREIHEITSERKL\u00c4RUNG<\/h3><p>Diese Erkl\u00e4rung wurde am 30. M\u00e4rz 2023 erstellt.<\/p><p>Die Methode zur Erstellung dieser Erkl\u00e4rung war eine Selbstbewertung durch den Digitalisierungsbeauftragten, der f\u00fcr die ordnungsgem\u00e4\u00dfe Erstellung und den reibungslosen Betrieb dieser Website verantwortlich ist.<\/p><p>Letzte \u00dcberpr\u00fcfung der Erkl\u00e4rung: 30. M\u00e4rz 2023.<\/p><h3>HINWEISE UND KONTAKTDATEN Kommunikation \u00fcber Barrierefreiheitsanforderungen<\/h3><p>Sie k\u00f6nnen Kommunikationen \u00fcber Barrierefreiheitsanforderungen (Artikel 10.2.a von RD 1112\/2018) wie z.B.:<\/p><p>Bericht \u00fcber m\u00f6gliche Nichteinhaltung durch diese Website \u00dcbermittlung anderer Schwierigkeiten beim Zugang zum Inhalt Stellen einer anderen Anfrage oder Verbesserungsvorschl\u00e4ge in Bezug auf die Barrierefreiheit der Website<\/p><p>\u00fcber das daf\u00fcr vorgesehene Kontaktformular auf unserer Kontaktseite durchf\u00fchren.<\/p><p>Diese Vorf\u00e4lle k\u00f6nnen auch per E-Mail an folgende Adresse gemeldet werden: <a href=\"mailto:juanverdun@juanverdun.com\">juanverdun@juanverdun.com<\/a><\/p><p>Die Kommunikationen werden von der zust\u00e4ndigen Zug\u00e4nglichkeitsabteilung des Digitalisierungsbeauftragten, der f\u00fcr die Erstellung und den ordnungsgem\u00e4\u00dfen Betrieb dieser Website verantwortlich ist, empfangen und bearbeitet.<\/p><p>Anfragen f\u00fcr zug\u00e4ngliche Informationen und Beschwerden<\/p><p>Sie k\u00f6nnen \u00fcber das Kontaktformular auf unserer Website Folgendes einreichen:<\/p><p><strong>Eine Beschwerde \u00fcber die Einhaltung der Anforderungen von RD 1112\/2018 Eine Anfrage f\u00fcr zug\u00e4ngliche Informationen in Bezug auf: Inhalte, die gem\u00e4\u00df Artikel 3 Absatz 4 nicht in den Anwendungsbereich von RD 1112\/2018 fallen Inhalte, die von der Einhaltung der Barrierefreiheitsanforderungen ausgenommen sind, da sie eine unverh\u00e4ltnism\u00e4\u00dfige Belastung darstellen.<\/strong><\/p><p>In der Anfrage f\u00fcr zug\u00e4ngliche Informationen m\u00fcssen die Fakten, Gr\u00fcnde und Antr\u00e4ge klar angegeben sein, um zu best\u00e4tigen, dass es sich um eine vern\u00fcnftige und legitime Anfrage handelt.<\/p><h3>ANWENDUNGSPROZ<\/h3><h2>OPTIONALER INHALT<\/h2><h3>Die Website:<\/h3><ul><li><strong>wurde in \u00dcbereinstimmung mit den aktuellen Standards und Vorschriften zur Barrierefreiheit gestaltet und entspricht den Pr\u00fcfpunkten der Priorit\u00e4t 2 (AA), die in der Spezifikation der Web Content Accessibility Guidelines (WCAG 2.1) definiert sind.<\/strong><\/li><li><strong>ist optimiert f\u00fcr die neuesten Versionen von Chrome, Edge, Firefox, Safari und Opera<\/strong><\/li><li><strong>Sie ist so konzipiert, dass sie in jeder Aufl\u00f6sung und auf jedem Desktop, Tablet oder mobilen Ger\u00e4t korrekt angezeigt wird (responsive Design).<\/strong><\/li><li><strong>Sie wurde unter Verwendung von HTML5 als Auszeichnungssprache und CSS 3 Style Sheets f\u00fcr ihr Design erstellt.<\/strong><\/li><\/ul><p>Dar\u00fcber hinaus werden die Inhalte st\u00e4ndig \u00fcberpr\u00fcft und \u00fcberarbeitet, um die Interpretation zu erleichtern und die Navigation durch das Webportal zu verbessern.<\/p><\/div><\/div><\/div><div class=\"flex justify-between lg:block\"><div class=\"text-gray-400 flex self-end lg:self-center justify-center mt-2 gap-2 md:gap-3 lg:gap-1 lg:absolute lg:top-0 lg:translate-x-full lg:right-0 lg:mt-0 lg:pl-2 visible\">\u00a0<\/div><\/div><\/div><\/div><\/div><\/header><\/header><\/header>\t\t\t\t\t\t\t\t<\/div>\n\t\t\t\t<\/div>\n\t\t\t\t\t<\/div>\n\t\t<\/div>\n\t\t\t\t\t<\/div>\n\t\t<\/section>\n\t\t\t\t<section class=\"elementor-section elementor-top-section elementor-element elementor-element-3f54d1d elementor-section-full_width elementor-section-height-default elementor-section-height-default\" data-id=\"3f54d1d\" data-element_type=\"section\" data-e-type=\"section\">\n\t\t\t\t\t\t<div class=\"elementor-container elementor-column-gap-no\">\n\t\t\t\t\t<div class=\"elementor-column elementor-col-50 elementor-top-column elementor-element elementor-element-8c4d5e7\" data-id=\"8c4d5e7\" data-element_type=\"column\" data-e-type=\"column\" data-settings=\"{&quot;background_background&quot;:&quot;classic&quot;}\">\n\t\t\t<div class=\"elementor-widget-wrap elementor-element-populated\">\n\t\t\t\t\t<div class=\"elementor-background-overlay\"><\/div>\n\t\t\t\t\t\t<section class=\"elementor-section elementor-inner-section elementor-element elementor-element-bfdbb2b elementor-section-boxed elementor-section-height-default elementor-section-height-default\" data-id=\"bfdbb2b\" data-element_type=\"section\" data-e-type=\"section\">\n\t\t\t\t\t\t<div class=\"elementor-container elementor-column-gap-no\">\n\t\t\t\t\t<div class=\"elementor-column elementor-col-100 elementor-inner-column elementor-element elementor-element-deccd1d\" data-id=\"deccd1d\" data-element_type=\"column\" data-e-type=\"column\">\n\t\t\t<div class=\"elementor-widget-wrap elementor-element-populated\">\n\t\t\t\t\t\t<div class=\"elementor-element elementor-element-213fc48 elementor-widget elementor-widget-heading\" data-id=\"213fc48\" data-element_type=\"widget\" data-e-type=\"widget\" data-widget_type=\"heading.default\">\n\t\t\t\t<div class=\"elementor-widget-container\">\n\t\t\t\t\t<h4 class=\"elementor-heading-title elementor-size-default\">Sostenibilidad\n<\/h4>\t\t\t\t<\/div>\n\t\t\t\t<\/div>\n\t\t\t\t<div class=\"elementor-element elementor-element-54b38b5 elementor-widget elementor-widget-heading\" data-id=\"54b38b5\" data-element_type=\"widget\" data-e-type=\"widget\" data-widget_type=\"heading.default\">\n\t\t\t\t<div class=\"elementor-widget-container\">\n\t\t\t\t\t<h2 class=\"elementor-heading-title elementor-size-default\">Comprometidos a mantener la energ\u00eda<\/h2>\t\t\t\t<\/div>\n\t\t\t\t<\/div>\n\t\t\t\t<div class=\"elementor-element elementor-element-a8f5b3b elementor-widget elementor-widget-text-editor\" data-id=\"a8f5b3b\" data-element_type=\"widget\" data-e-type=\"widget\" data-widget_type=\"text-editor.default\">\n\t\t\t\t<div class=\"elementor-widget-container\">\n\t\t\t\t\t\t\t\t\t<p>El sistema de aislamiento del pvc permite conservar el calor de los espacios, as\u00ed como aislarlos del fr\u00edo, calor y ruido.<\/p>\t\t\t\t\t\t\t\t<\/div>\n\t\t\t\t<\/div>\n\t\t\t\t<div class=\"elementor-element elementor-element-b980ee8 elementor-widget elementor-widget-button\" data-id=\"b980ee8\" data-element_type=\"widget\" data-e-type=\"widget\" data-widget_type=\"button.default\">\n\t\t\t\t<div class=\"elementor-widget-container\">\n\t\t\t\t\t\t\t\t\t<div class=\"elementor-button-wrapper\">\n\t\t\t\t\t<a class=\"elementor-button elementor-button-link elementor-size-sm\" href=\"https:\/\/juanverdunmarbella.com\/en\/contacto\/\">\n\t\t\t\t\t\t<span class=\"elementor-button-content-wrapper\">\n\t\t\t\t\t\t\t\t\t<span class=\"elementor-button-text\">Contacto<\/span>\n\t\t\t\t\t<\/span>\n\t\t\t\t\t<\/a>\n\t\t\t\t<\/div>\n\t\t\t\t\t\t\t\t<\/div>\n\t\t\t\t<\/div>\n\t\t\t\t\t<\/div>\n\t\t<\/div>\n\t\t\t\t\t<\/div>\n\t\t<\/section>\n\t\t\t\t\t<\/div>\n\t\t<\/div>\n\t\t\t\t<div class=\"elementor-column elementor-col-50 elementor-top-column elementor-element elementor-element-55dc543\" data-id=\"55dc543\" data-element_type=\"column\" data-e-type=\"column\" data-settings=\"{&quot;background_background&quot;:&quot;classic&quot;}\">\n\t\t\t<div class=\"elementor-widget-wrap elementor-element-populated\">\n\t\t\t\t\t<div class=\"elementor-background-overlay\"><\/div>\n\t\t\t\t\t\t<section class=\"elementor-section elementor-inner-section elementor-element elementor-element-079de74 elementor-section-boxed elementor-section-height-default elementor-section-height-default\" data-id=\"079de74\" data-element_type=\"section\" data-e-type=\"section\">\n\t\t\t\t\t\t<div class=\"elementor-container elementor-column-gap-no\">\n\t\t\t\t\t<div class=\"elementor-column elementor-col-100 elementor-inner-column elementor-element elementor-element-4be00e3\" data-id=\"4be00e3\" data-element_type=\"column\" data-e-type=\"column\">\n\t\t\t<div class=\"elementor-widget-wrap elementor-element-populated\">\n\t\t\t\t\t\t<div class=\"elementor-element elementor-element-6cb5a24 elementor-widget elementor-widget-heading\" data-id=\"6cb5a24\" data-element_type=\"widget\" data-e-type=\"widget\" data-widget_type=\"heading.default\">\n\t\t\t\t<div class=\"elementor-widget-container\">\n\t\t\t\t\t<h3 class=\"elementor-heading-title elementor-size-default\">Seguimos las mejores pr\u00e1cticas<\/h3>\t\t\t\t<\/div>\n\t\t\t\t<\/div>\n\t\t\t\t<div class=\"elementor-element elementor-element-3986423 elementor-widget elementor-widget-text-editor\" data-id=\"3986423\" data-element_type=\"widget\" data-e-type=\"widget\" data-widget_type=\"text-editor.default\">\n\t\t\t\t<div class=\"elementor-widget-container\">\n\t\t\t\t\t\t\t\t\t<p>Juan Verd\u00fan es una empresa comprometida con sus clientes y con el medio ambiente.<\/p>\t\t\t\t\t\t\t\t<\/div>\n\t\t\t\t<\/div>\n\t\t\t\t<div class=\"elementor-element elementor-element-025768a elementor-icon-list--layout-traditional elementor-list-item-link-full_width elementor-widget elementor-widget-icon-list\" data-id=\"025768a\" data-element_type=\"widget\" data-e-type=\"widget\" data-widget_type=\"icon-list.default\">\n\t\t\t\t<div class=\"elementor-widget-container\">\n\t\t\t\t\t\t\t<ul class=\"elementor-icon-list-items\">\n\t\t\t\t\t\t\t<li class=\"elementor-icon-list-item\">\n\t\t\t\t\t\t\t\t\t\t\t<span class=\"elementor-icon-list-icon\">\n\t\t\t\t\t\t\t<i aria-hidden=\"true\" class=\"fas fa-recycle\"><\/i>\t\t\t\t\t\t<\/span>\n\t\t\t\t\t\t\t\t\t\t<span class=\"elementor-icon-list-text\">Sostenibilidad<\/span>\n\t\t\t\t\t\t\t\t\t<\/li>\n\t\t\t\t\t\t\t\t<li class=\"elementor-icon-list-item\">\n\t\t\t\t\t\t\t\t\t\t\t<span class=\"elementor-icon-list-icon\">\n\t\t\t\t\t\t\t<i aria-hidden=\"true\" class=\"fas fa-clock\"><\/i>\t\t\t\t\t\t<\/span>\n\t\t\t\t\t\t\t\t\t\t<span class=\"elementor-icon-list-text\">Proyectos en plazo<\/span>\n\t\t\t\t\t\t\t\t\t<\/li>\n\t\t\t\t\t\t\t\t<li class=\"elementor-icon-list-item\">\n\t\t\t\t\t\t\t\t\t\t\t<span class=\"elementor-icon-list-icon\">\n\t\t\t\t\t\t\t<i aria-hidden=\"true\" class=\"fas fa-desktop\"><\/i>\t\t\t\t\t\t<\/span>\n\t\t\t\t\t\t\t\t\t\t<span class=\"elementor-icon-list-text\">Tecnolog\u00eda punta<\/span>\n\t\t\t\t\t\t\t\t\t<\/li>\n\t\t\t\t\t\t\t\t<li class=\"elementor-icon-list-item\">\n\t\t\t\t\t\t\t\t\t\t\t<span class=\"elementor-icon-list-icon\">\n\t\t\t\t\t\t\t<i aria-hidden=\"true\" class=\"fas fa-pencil-ruler\"><\/i>\t\t\t\t\t\t<\/span>\n\t\t\t\t\t\t\t\t\t\t<span class=\"elementor-icon-list-text\">Dise\u00f1os vanguardistas<\/span>\n\t\t\t\t\t\t\t\t\t<\/li>\n\t\t\t\t\t\t<\/ul>\n\t\t\t\t\t\t<\/div>\n\t\t\t\t<\/div>\n\t\t\t\t\t<\/div>\n\t\t<\/div>\n\t\t\t\t\t<\/div>\n\t\t<\/section>\n\t\t\t\t\t<\/div>\n\t\t<\/div>\n\t\t\t\t\t<\/div>\n\t\t<\/section>\n\t\t\t\t<\/div>\n\t\t","protected":false},"excerpt":{"rendered":"<p>Erkl\u00e4rung zur Zug\u00e4nglichkeit Erkl\u00e4rung zur Barrierefreiheit JUAN VERD\u00daN S.L. hat sich verpflichtet, seine Websites gem\u00e4\u00df dem K\u00f6niglichen Dekret 1112\/2018 vom 7. September \u00fcber die Barrierefreiheit von Websites und mobilen Anwendungen des \u00f6ffentlichen Sektors zug\u00e4nglich zu machen. ERF\u00dcLLUNGSLAGE Diese Website ist teilweise konform mit RD 1112\/2018 aufgrund von Ausnahmen und Nicht\u00fcbereinstimmungen in den unten angegebenen Aspekten. [&hellip;]<\/p>\n","protected":false},"author":4,"featured_media":0,"parent":0,"menu_order":0,"comment_status":"closed","ping_status":"closed","template":"","meta":{"site-sidebar-layout":"default","site-content-layout":"page-builder","ast-site-content-layout":"default","site-content-style":"default","site-sidebar-style":"default","ast-global-header-display":"","ast-banner-title-visibility":"","ast-main-header-display":"","ast-hfb-above-header-display":"","ast-hfb-below-header-display":"","ast-hfb-mobile-header-display":"","site-post-title":"disabled","ast-breadcrumbs-content":"","ast-featured-img":"disabled","footer-sml-layout":"","ast-disable-related-posts":"","theme-transparent-header-meta":"enabled","adv-header-id-meta":"","stick-header-meta":"","header-above-stick-meta":"","header-main-stick-meta":"","header-below-stick-meta":"","astra-migrate-meta-layouts":"default","ast-page-background-enabled":"default","ast-page-background-meta":{"desktop":{"background-color":"var(--ast-global-color-4)","background-image":"","background-repeat":"repeat","background-position":"center center","background-size":"auto","background-attachment":"scroll","background-type":"","background-media":"","overlay-type":"","overlay-color":"","overlay-opacity":"","overlay-gradient":""},"tablet":{"background-color":"","background-image":"","background-repeat":"repeat","background-position":"center center","background-size":"auto","background-attachment":"scroll","background-type":"","background-media":"","overlay-type":"","overlay-color":"","overlay-opacity":"","overlay-gradient":""},"mobile":{"background-color":"","background-image":"","background-repeat":"repeat","background-position":"center center","background-size":"auto","background-attachment":"scroll","background-type":"","background-media":"","overlay-type":"","overlay-color":"","overlay-opacity":"","overlay-gradient":""}},"ast-content-background-meta":{"desktop":{"background-color":"var(--ast-global-color-5)","background-image":"","background-repeat":"repeat","background-position":"center center","background-size":"auto","background-attachment":"scroll","background-type":"","background-media":"","overlay-type":"","overlay-color":"","overlay-opacity":"","overlay-gradient":""},"tablet":{"background-color":"var(--ast-global-color-5)","background-image":"","background-repeat":"repeat","background-position":"center center","background-size":"auto","background-attachment":"scroll","background-type":"","background-media":"","overlay-type":"","overlay-color":"","overlay-opacity":"","overlay-gradient":""},"mobile":{"background-color":"var(--ast-global-color-5)","background-image":"","background-repeat":"repeat","background-position":"center center","background-size":"auto","background-attachment":"scroll","background-type":"","background-media":"","overlay-type":"","overlay-color":"","overlay-opacity":"","overlay-gradient":""}},"_joinchat":[],"footnotes":""},"class_list":["post-2500","page","type-page","status-publish","hentry"],"_links":{"self":[{"href":"https:\/\/www.juanverdunmarbella.com\/de\/wp-json\/wp\/v2\/pages\/2500","targetHints":{"allow":["GET"]}}],"collection":[{"href":"https:\/\/www.juanverdunmarbella.com\/de\/wp-json\/wp\/v2\/pages"}],"about":[{"href":"https:\/\/www.juanverdunmarbella.com\/de\/wp-json\/wp\/v2\/types\/page"}],"author":[{"embeddable":true,"href":"https:\/\/www.juanverdunmarbella.com\/de\/wp-json\/wp\/v2\/users\/4"}],"replies":[{"embeddable":true,"href":"https:\/\/www.juanverdunmarbella.com\/de\/wp-json\/wp\/v2\/comments?post=2500"}],"version-history":[{"count":9,"href":"https:\/\/www.juanverdunmarbella.com\/de\/wp-json\/wp\/v2\/pages\/2500\/revisions"}],"predecessor-version":[{"id":5757,"href":"https:\/\/www.juanverdunmarbella.com\/de\/wp-json\/wp\/v2\/pages\/2500\/revisions\/5757"}],"wp:attachment":[{"href":"https:\/\/www.juanverdunmarbella.com\/de\/wp-json\/wp\/v2\/media?parent=2500"}],"curies":[{"name":"wp","href":"https:\/\/api.w.org\/{rel}","templated":true}]}}